{"id":7316,"date":"2024-07-24T10:27:05","date_gmt":"2024-07-24T10:27:05","guid":{"rendered":"https:\/\/fastlanebilzen.be\/?post_type=product&#038;p=7316"},"modified":"2024-07-24T10:27:18","modified_gmt":"2024-07-24T10:27:18","slug":"1x-13-min-carte-cadeau-duokart","status":"publish","type":"product","link":"https:\/\/fastlanebilzen.be\/fr\/produit\/1x-13-min-carte-cadeau-duokart\/","title":{"rendered":"1x 13 min. Carte cadeau (Duokart)"},"content":{"rendered":"","protected":false},"excerpt":{"rendered":"<p>Vivez une exp\u00e9rience de course formidable chez Fastlane Karting ! Cette carte cadeau peut \u00eatre utilis\u00e9e pour notre duokart enfants (min 1m55 pilote et min 1m co-pilote).<\/p>\n<ul>\n<li>1x 13 min karting<\/li>\n<li>Directement disponible par courrier<\/li>\n<li>Les cartes-cadeaux sont valables 1 an<\/li>\n<\/ul>","protected":false},"featured_media":7333,"template":"","meta":[],"product_brand":[],"product_cat":[30,34,35],"product_tag":[],"class_list":{"0":"post-7316","1":"product","2":"type-product","3":"status-publish","4":"has-post-thumbnail","6":"product_cat-alle-producten","7":"product_cat-duokart","8":"product_cat-giftcards","9":"product_shipping_class-gratis-verzending","11":"first","12":"instock","13":"taxable","14":"shipping-taxable","15":"purchasable","16":"product-type-simple"},"_links":{"self":[{"href":"https:\/\/fastlanebilzen.be\/fr\/wp-json\/wp\/v2\/product\/7316","targetHints":{"allow":["GET"]}}],"collection":[{"href":"https:\/\/fastlanebilzen.be\/fr\/wp-json\/wp\/v2\/product"}],"about":[{"href":"https:\/\/fastlanebilzen.be\/fr\/wp-json\/wp\/v2\/types\/product"}],"wp:featuredmedia":[{"embeddable":true,"href":"https:\/\/fastlanebilzen.be\/fr\/wp-json\/wp\/v2\/media\/7333"}],"wp:attachment":[{"href":"https:\/\/fastlanebilzen.be\/fr\/wp-json\/wp\/v2\/media?parent=7316"}],"wp:term":[{"taxonomy":"product_brand","embeddable":true,"href":"https:\/\/fastlanebilzen.be\/fr\/wp-json\/wp\/v2\/product_brand?post=7316"},{"taxonomy":"product_cat","embeddable":true,"href":"https:\/\/fastlanebilzen.be\/fr\/wp-json\/wp\/v2\/product_cat?post=7316"},{"taxonomy":"product_tag","embeddable":true,"href":"https:\/\/fastlanebilzen.be\/fr\/wp-json\/wp\/v2\/product_tag?post=7316"}],"curies":[{"name":"wp","href":"https:\/\/api.w.org\/{rel}","templated":true}]}}