{"id":7287,"date":"2024-07-24T10:27:04","date_gmt":"2024-07-24T10:27:04","guid":{"rendered":"https:\/\/fastlanebilzen.be\/?post_type=product&#038;p=7287"},"modified":"2024-07-24T10:27:07","modified_gmt":"2024-07-24T10:27:07","slug":"1x-13-min-coffret-cadeau-enfants-adultes","status":"publish","type":"product","link":"https:\/\/fastlanebilzen.be\/fr\/produit\/1x-13-min-coffret-cadeau-enfants-adultes\/","title":{"rendered":"1x 13 min. Bo\u00eete cadeau (enfants\/adultes)"},"content":{"rendered":"","protected":false},"excerpt":{"rendered":"<p>Vivez une exp\u00e9rience de course exceptionnelle au karting Fastlane avec notre coffret cadeau Fastlane unique ! Le cadeau id\u00e9al pour un anniversaire, Saint-Nicolas, No\u00ebl ou toute autre occasion sp\u00e9ciale. Convient aux enfants et aux adultes \u00e0 partir de 1m30.<\/p>\n<p><strong>Voici le contenu de la bo\u00eete cadeau Fastlane :<\/strong><\/p>\n<ul>\n<li>1x Carte cadeau pour faire du karting pendant 13 min*.<\/li>\n<li>1x Casque Fastlane avec logo<\/li>\n<li>1x Fastlane Race License (vous avez d\u00e9j\u00e0 une licence de course ? Vous pouvez l'\u00e9changer contre un casque suppl\u00e9mentaire lors de votre prochaine visite).<\/li>\n<li>1x Autocollant Fastlane<\/li>\n<li>1x stylo Fastlane<\/li>\n<\/ul>\n<p>*Les cartes-cadeaux sont valables 1 an<\/p>","protected":false},"featured_media":7317,"template":"","meta":[],"product_brand":[],"product_cat":[30,31,32],"product_tag":[],"class_list":{"0":"post-7287","1":"product","2":"type-product","3":"status-publish","4":"has-post-thumbnail","6":"product_cat-alle-producten","7":"product_cat-giftbox","8":"product_cat-kids-adult-kart","9":"product_shipping_class-betalende-verzending","11":"first","12":"instock","13":"taxable","14":"shipping-taxable","15":"purchasable","16":"product-type-simple"},"_links":{"self":[{"href":"https:\/\/fastlanebilzen.be\/fr\/wp-json\/wp\/v2\/product\/7287","targetHints":{"allow":["GET"]}}],"collection":[{"href":"https:\/\/fastlanebilzen.be\/fr\/wp-json\/wp\/v2\/product"}],"about":[{"href":"https:\/\/fastlanebilzen.be\/fr\/wp-json\/wp\/v2\/types\/product"}],"wp:featuredmedia":[{"embeddable":true,"href":"https:\/\/fastlanebilzen.be\/fr\/wp-json\/wp\/v2\/media\/7317"}],"wp:attachment":[{"href":"https:\/\/fastlanebilzen.be\/fr\/wp-json\/wp\/v2\/media?parent=7287"}],"wp:term":[{"taxonomy":"product_brand","embeddable":true,"href":"https:\/\/fastlanebilzen.be\/fr\/wp-json\/wp\/v2\/product_brand?post=7287"},{"taxonomy":"product_cat","embeddable":true,"href":"https:\/\/fastlanebilzen.be\/fr\/wp-json\/wp\/v2\/product_cat?post=7287"},{"taxonomy":"product_tag","embeddable":true,"href":"https:\/\/fastlanebilzen.be\/fr\/wp-json\/wp\/v2\/product_tag?post=7287"}],"curies":[{"name":"wp","href":"https:\/\/api.w.org\/{rel}","templated":true}]}}